{"id":608,"date":"2018-10-30T12:05:21","date_gmt":"2018-10-30T11:05:21","guid":{"rendered":"https:\/\/mtrental.eu\/passanger-van-class\/"},"modified":"2022-12-04T12:01:17","modified_gmt":"2022-12-04T11:01:17","slug":"minivany","status":"publish","type":"page","link":"https:\/\/mtrental.eu\/sk\/minivany\/","title":{"rendered":"Minivany"},"content":{"rendered":"<p>Vyberte si z rozmanitej ponuky na\u0161ich Mercedes minivanov na pren\u00e1jom. Vyberte si Mercedes V class \u010di Mercedes Viano. Ak predsa len preferujete nie\u010do in\u00e9, v ponuke m\u00e1me \u010fal\u0161ie popul\u00e1rne zna\u010dky. Nev\u00e1hajte, prezrite si na\u0161e aut\u00e1 a rezervujte si online alebo n\u00e1m zavolajte na\u00a0 <a href=\"tel:+421 908 925 204\">+421 908 925 204<\/a><\/p>\n<!-- BEGIN .fleet-block-wrapper -->\r\n<div class=\"fleet-block-wrapper fleet-3-cols clearfix\">\r\n<h4><div class=\"item-type-label\">Passenger Van class<\/div><\/h4><div class=\"row\">    <!-- BEGIN .fleet-block -->\n    <div class=\"fleet-block\">\n                <div class=\"fleet-block-image\">\n            <a href=\"\"><img decoding=\"async\" src=\"https:\/\/mtrental.eu\/wp-content\/uploads\/CarRentalGallery\/thumb_1535811615_1471209587_Mercedes-viano.png\" alt=\"Mercedes Viano 2015 \" \/><\/a>\n        <\/div>\n                <div class=\"fleet-block-content\">\n            <div class=\"fleet-price\">Cena od   126 EUR \/ De\u0148<\/div>\n            <h4>\n                <span class=\"item-name\">Mercedes Viano 2015<\/span>            <\/h4>\n            <div class=\"title-block3\"><\/div>\n            <ul class=\"list-style4\">\n                                        <li>\n                            <i class=\"fa fa-tachometer\"><\/i>\n                            <span class=\"highlight\"> Palivo:<\/span> Diesel                            \n                        <\/li>\n                \n                                        <li>\n                            <i class=\"fa fa-car\"><\/i>\n                            <span class=\"highlight\">Kateg\u00f3ria:<\/span> Minivany                          \n                        <\/li>\n                \n                                        <li>\n                        <i class=\"fa fa-cogs\"><\/i>\n                        <span class=\"highlight\">Prevodovka:<\/span> Automatick\u00e1                            \n                        <\/li>\n\n                \n                \n                                        <li>\n                        <i class=\"fa fa-users\"><\/i>\n                        <span class=\"highlight\">Max. po\u010det cestuj\u00facich:<\/span> 5                        <\/li>\n                \n            <\/ul>\n        <\/div>\n    <!-- END .fleet-block -->\n    <\/div>\n\n\n\n    <!-- BEGIN .fleet-block -->\n    <div class=\"fleet-block\">\n                <div class=\"fleet-block-image\">\n            <a href=\"https:\/\/mtrental.eu\/sk\/auto\/mercedes-viano-2015-4-door\/\"><img decoding=\"async\" src=\"https:\/\/mtrental.eu\/wp-content\/uploads\/CarRentalGallery\/thumb_armoured-mercedes-benz-viano.png\" alt=\"Mercedes Viano 2015 4 door \" \/><\/a>\n        <\/div>\n                <div class=\"fleet-block-content\">\n            <div class=\"fleet-price\">Cena od   126 EUR \/ De\u0148<\/div>\n            <h4>\n                <a href=\"https:\/\/mtrental.eu\/car\/mercedes-viano-2015-4-door\/\" title=\"Zobrazi\u0165 popis vozu\">Mercedes Viano 2015 4 door<\/a>            <\/h4>\n            <div class=\"title-block3\"><\/div>\n            <ul class=\"list-style4\">\n                                        <li>\n                            <i class=\"fa fa-tachometer\"><\/i>\n                            <span class=\"highlight\"> Palivo:<\/span> Diesel                            \n                        <\/li>\n                \n                                        <li>\n                            <i class=\"fa fa-car\"><\/i>\n                            <span class=\"highlight\">Kateg\u00f3ria:<\/span> Minivany                          \n                        <\/li>\n                \n                                        <li>\n                        <i class=\"fa fa-cogs\"><\/i>\n                        <span class=\"highlight\">Prevodovka:<\/span> Automatick\u00e1                            \n                        <\/li>\n\n                \n                \n                                        <li>\n                        <i class=\"fa fa-users\"><\/i>\n                        <span class=\"highlight\">Max. po\u010det cestuj\u00facich:<\/span> 8                        <\/li>\n                \n            <\/ul>\n        <\/div>\n    <!-- END .fleet-block -->\n    <\/div>\n\n\n\n    <!-- BEGIN .fleet-block -->\n    <div class=\"fleet-block\">\n                <div class=\"fleet-block-image\">\n            <a href=\"https:\/\/mtrental.eu\/sk\/auto\/vw-seat-alhambra\/\"><img decoding=\"async\" src=\"https:\/\/mtrental.eu\/wp-content\/uploads\/CarRentalGallery\/thumb_4BDC4435-AB96-4E85-9A87-C1365E771001.jpeg\" alt=\"VW Seat Alhambra \" \/><\/a>\n        <\/div>\n                <div class=\"fleet-block-content\">\n            <div class=\"fleet-price\">Cena od   126 EUR \/ De\u0148<\/div>\n            <h4>\n                <a href=\"https:\/\/mtrental.eu\/car\/vw-seat-alhambra\/\" title=\"Zobrazi\u0165 popis vozu\">VW Seat Alhambra<\/a>            <\/h4>\n            <div class=\"title-block3\"><\/div>\n            <ul class=\"list-style4\">\n                                        <li>\n                            <i class=\"fa fa-tachometer\"><\/i>\n                            <span class=\"highlight\"> Palivo:<\/span> Diesel                            \n                        <\/li>\n                \n                                        <li>\n                            <i class=\"fa fa-car\"><\/i>\n                            <span class=\"highlight\">Kateg\u00f3ria:<\/span> Minivany                          \n                        <\/li>\n                \n                                        <li>\n                        <i class=\"fa fa-cogs\"><\/i>\n                        <span class=\"highlight\">Prevodovka:<\/span> Automatick\u00e1                            \n                        <\/li>\n\n                \n                \n                                        <li>\n                        <i class=\"fa fa-users\"><\/i>\n                        <span class=\"highlight\">Max. po\u010det cestuj\u00facich:<\/span> 7                        <\/li>\n                \n            <\/ul>\n        <\/div>\n    <!-- END .fleet-block -->\n    <\/div>\n\n\n\n    <!-- BEGIN .fleet-block -->\n    <div class=\"fleet-block\">\n                <div class=\"fleet-block-image\">\n            <a href=\"https:\/\/mtrental.eu\/sk\/auto\/citroen\/\"><img decoding=\"async\" src=\"https:\/\/mtrental.eu\/wp-content\/uploads\/CarRentalGallery\/thumb_F19C5E96-8BD0-4B6C-9981-A369595307AC.jpeg\" alt=\" Citroen \" \/><\/a>\n        <\/div>\n                <div class=\"fleet-block-content\">\n            <div class=\"fleet-price\">Cena od   180 EUR \/ De\u0148<\/div>\n            <h4>\n                <a href=\"https:\/\/mtrental.eu\/car\/citroen\/\" title=\"Zobrazi\u0165 popis vozu\"> Citroen<\/a>            <\/h4>\n            <div class=\"title-block3\"><\/div>\n            <ul class=\"list-style4\">\n                                        <li>\n                            <i class=\"fa fa-tachometer\"><\/i>\n                            <span class=\"highlight\"> Palivo:<\/span> Diesel                            \n                        <\/li>\n                \n                                        <li>\n                            <i class=\"fa fa-car\"><\/i>\n                            <span class=\"highlight\">Kateg\u00f3ria:<\/span> Minivany                          \n                        <\/li>\n                \n                                        <li>\n                        <i class=\"fa fa-cogs\"><\/i>\n                        <span class=\"highlight\">Prevodovka:<\/span> Automatick\u00e1                            \n                        <\/li>\n\n                \n                \n                                        <li>\n                        <i class=\"fa fa-users\"><\/i>\n                        <span class=\"highlight\">Max. po\u010det cestuj\u00facich:<\/span> 8                        <\/li>\n                \n            <\/ul>\n        <\/div>\n    <!-- END .fleet-block -->\n    <\/div>\n\n\n\n    <!-- BEGIN .fleet-block -->\n    <div class=\"fleet-block\">\n                <div class=\"fleet-block-image\">\n            <a href=\"https:\/\/mtrental.eu\/sk\/auto\/mercedes-v-class-2017\/\"><img decoding=\"async\" src=\"https:\/\/mtrental.eu\/wp-content\/uploads\/CarRentalGallery\/thumb_mercedes_v_class.png\" alt=\"Mercedes V class 2020 \" \/><\/a>\n        <\/div>\n                <div class=\"fleet-block-content\">\n            <div class=\"fleet-price\">Cena od   180 EUR \/ De\u0148<\/div>\n            <h4>\n                <a href=\"https:\/\/mtrental.eu\/car\/mercedes-v-class-2017\/\" title=\"Zobrazi\u0165 popis vozu\">Mercedes V class 2020<\/a>            <\/h4>\n            <div class=\"title-block3\"><\/div>\n            <ul class=\"list-style4\">\n                                        <li>\n                            <i class=\"fa fa-tachometer\"><\/i>\n                            <span class=\"highlight\"> Palivo:<\/span> Diesel                            \n                        <\/li>\n                \n                                        <li>\n                            <i class=\"fa fa-car\"><\/i>\n                            <span class=\"highlight\">Kateg\u00f3ria:<\/span> Minivany                          \n                        <\/li>\n                \n                                        <li>\n                        <i class=\"fa fa-cogs\"><\/i>\n                        <span class=\"highlight\">Prevodovka:<\/span> Automatick\u00e1                            \n                        <\/li>\n\n                \n                \n                                        <li>\n                        <i class=\"fa fa-users\"><\/i>\n                        <span class=\"highlight\">Max. po\u010det cestuj\u00facich:<\/span> 8                        <\/li>\n                \n            <\/ul>\n        <\/div>\n    <!-- END .fleet-block -->\n    <\/div>\n\n\n\n    <!-- BEGIN .fleet-block -->\n    <div class=\"fleet-block\">\n                <div class=\"fleet-block-image\">\n            <a href=\"https:\/\/mtrental.eu\/sk\/auto\/vw-vw-autoavelle-8-seater\/\"><img decoding=\"async\" src=\"https:\/\/mtrental.eu\/wp-content\/uploads\/CarRentalGallery\/thumb_670850B3-7BF8-42F2-8505-2C91F56D277E.png\" alt=\"VW VW caravelle 8 seater \" \/><\/a>\n        <\/div>\n                <div class=\"fleet-block-content\">\n            <div class=\"fleet-price\">Cena od   180 EUR \/ De\u0148<\/div>\n            <h4>\n                <a href=\"https:\/\/mtrental.eu\/car\/vw-vw-caravelle-8-seater\/\" title=\"Zobrazi\u0165 popis vozu\">VW VW caravelle 8 seater<\/a>            <\/h4>\n            <div class=\"title-block3\"><\/div>\n            <ul class=\"list-style4\">\n                                        <li>\n                            <i class=\"fa fa-tachometer\"><\/i>\n                            <span class=\"highlight\"> Palivo:<\/span> Diesel                            \n                        <\/li>\n                \n                                        <li>\n                            <i class=\"fa fa-car\"><\/i>\n                            <span class=\"highlight\">Kateg\u00f3ria:<\/span> Minivany                          \n                        <\/li>\n                \n                                        <li>\n                        <i class=\"fa fa-cogs\"><\/i>\n                        <span class=\"highlight\">Prevodovka:<\/span> Automatick\u00e1                            \n                        <\/li>\n\n                \n                \n                                        <li>\n                        <i class=\"fa fa-users\"><\/i>\n                        <span class=\"highlight\">Max. po\u010det cestuj\u00facich:<\/span> 8                        <\/li>\n                \n            <\/ul>\n        <\/div>\n    <!-- END .fleet-block -->\n    <\/div>\n\n\n\n    <!-- BEGIN .fleet-block -->\n    <div class=\"fleet-block\">\n                <div class=\"fleet-block-image\">\n            <a href=\"https:\/\/mtrental.eu\/sk\/auto\/vw-vw-touran\/\"><img decoding=\"async\" src=\"https:\/\/mtrental.eu\/wp-content\/uploads\/CarRentalGallery\/thumb_14A575DF-BFE0-4DC6-84CD-AFFE3E80D88D.png\" alt=\"VW VW Touran \" \/><\/a>\n        <\/div>\n                <div class=\"fleet-block-content\">\n            <div class=\"fleet-price\">Cena od   180 EUR \/ De\u0148<\/div>\n            <h4>\n                <a href=\"https:\/\/mtrental.eu\/car\/vw-vw-touran\/\" title=\"Zobrazi\u0165 popis vozu\">VW VW Touran<\/a>            <\/h4>\n            <div class=\"title-block3\"><\/div>\n            <ul class=\"list-style4\">\n                                        <li>\n                            <i class=\"fa fa-tachometer\"><\/i>\n                            <span class=\"highlight\"> Palivo:<\/span> Diesel                            \n                        <\/li>\n                \n                                        <li>\n                            <i class=\"fa fa-car\"><\/i>\n                            <span class=\"highlight\">Kateg\u00f3ria:<\/span> Minivany                          \n                        <\/li>\n                \n                                        <li>\n                        <i class=\"fa fa-cogs\"><\/i>\n                        <span class=\"highlight\">Prevodovka:<\/span> Automatick\u00e1                            \n                        <\/li>\n\n                \n                \n                                        <li>\n                        <i class=\"fa fa-users\"><\/i>\n                        <span class=\"highlight\">Max. po\u010det cestuj\u00facich:<\/span> 7                        <\/li>\n                \n            <\/ul>\n        <\/div>\n    <!-- END .fleet-block -->\n    <\/div>\n\n\n\n<\/div><!-- END .fleet-block-wrapper -->\r\n<\/div>\r\n\n","protected":false},"excerpt":{"rendered":"<p>Vyberte si z rozmanitej ponuky na\u0161ich Mercedes minivanov na pren\u00e1jom. Vyberte si Mercedes V class \u010di Mercedes Viano. Ak predsa len preferujete nie\u010do in\u00e9, v ponuke m\u00e1me \u010fal\u0161ie popul\u00e1rne zna\u010dky. Nev\u00e1hajte, prezrite si na\u0161e aut\u00e1 a rezervujte si online alebo [&hellip;]<\/p>\n","protected":false},"author":1,"featured_media":0,"parent":0,"menu_order":0,"comment_status":"closed","ping_status":"closed","template":"page-car_classes.php","meta":{"footnotes":""},"yoast_head":"<!-- This site is optimized with the Yoast SEO plugin v22.4 - https:\/\/yoast.com\/wordpress\/plugins\/seo\/ -->\n<title>Minivany | MTrental.eu | Pr\u00e9miov\u00e1 autopo\u017ei\u010dov\u0148a<\/title>\n<meta name=\"description\" content=\"Vyberte si z rozmanitej ponuky na\u0161ich Mercedes minivanov na pren\u00e1jom. Vyberte si Mercedes V class \u010di Mercedes Viano. Ak predsa len preferujete nie\u010do in\u00e9, v ponuke m\u00e1me \u010fal\u0161ie popul\u00e1rne zna\u010dky. Nev\u00e1hajte, prezrite si na\u0161e aut\u00e1 a rezervujte si online alebo n\u00e1m zavolajte na\u00a0 +421 917 233 447Vyberte si z rozmanitej ponuky na\u0161ich Mercedes minivanov na pren\u00e1jom. Vyberte si Mercedes V class \u010di Mercedes Viano. Ak predsa len preferujete nie\u010do in\u00e9, v ponuke m\u00e1me \u010fal\u0161ie popul\u00e1rne zna\u010dky. Nev\u00e1hajte, prezrite si na\u0161e aut\u00e1 a rezervujte si online alebo n\u00e1m zavolajte na\u00a0 +421 917 233 447\" \/>\n<meta name=\"robots\" content=\"index, follow, max-snippet:-1, max-image-preview:large, max-video-preview:-1\" \/>\n<link rel=\"canonical\" href=\"https:\/\/mtrental.eu\/sk\/minivany\/\" \/>\n<meta property=\"og:locale\" content=\"sk_SK\" \/>\n<meta property=\"og:type\" content=\"article\" \/>\n<meta property=\"og:title\" content=\"Minivany | MTrental.eu | Pr\u00e9miov\u00e1 autopo\u017ei\u010dov\u0148a\" \/>\n<meta property=\"og:description\" content=\"Vyberte si z rozmanitej ponuky na\u0161ich Mercedes minivanov na pren\u00e1jom. Vyberte si Mercedes V class \u010di Mercedes Viano. Ak predsa len preferujete nie\u010do in\u00e9, v ponuke m\u00e1me \u010fal\u0161ie popul\u00e1rne zna\u010dky. Nev\u00e1hajte, prezrite si na\u0161e aut\u00e1 a rezervujte si online alebo n\u00e1m zavolajte na\u00a0 +421 917 233 447Vyberte si z rozmanitej ponuky na\u0161ich Mercedes minivanov na pren\u00e1jom. Vyberte si Mercedes V class \u010di Mercedes Viano. Ak predsa len preferujete nie\u010do in\u00e9, v ponuke m\u00e1me \u010fal\u0161ie popul\u00e1rne zna\u010dky. Nev\u00e1hajte, prezrite si na\u0161e aut\u00e1 a rezervujte si online alebo n\u00e1m zavolajte na\u00a0 +421 917 233 447\" \/>\n<meta property=\"og:url\" content=\"https:\/\/mtrental.eu\/sk\/minivany\/\" \/>\n<meta property=\"og:site_name\" content=\"MTrental.eu | Pr\u00e9miov\u00e1 autopo\u017ei\u010dov\u0148a\" \/>\n<meta property=\"article:publisher\" content=\"https:\/\/www.facebook.com\/autoprenajom\/\" \/>\n<meta property=\"article:modified_time\" content=\"2022-12-04T11:01:17+00:00\" \/>\n<meta name=\"twitter:card\" content=\"summary_large_image\" \/>\n<script type=\"application\/ld+json\" class=\"yoast-schema-graph\">{\"@context\":\"https:\/\/schema.org\",\"@graph\":[{\"@type\":\"WebPage\",\"@id\":\"https:\/\/mtrental.eu\/sk\/minivany\/\",\"url\":\"https:\/\/mtrental.eu\/sk\/minivany\/\",\"name\":\"Minivany | MTrental.eu | Pr\u00e9miov\u00e1 autopo\u017ei\u010dov\u0148a\",\"isPartOf\":{\"@id\":\"https:\/\/mtrental.eu\/sk\/#website\"},\"datePublished\":\"2018-10-30T11:05:21+00:00\",\"dateModified\":\"2022-12-04T11:01:17+00:00\",\"description\":\"Vyberte si z rozmanitej ponuky na\u0161ich Mercedes minivanov na pren\u00e1jom. Vyberte si Mercedes V class \u010di Mercedes Viano. Ak predsa len preferujete nie\u010do in\u00e9, v ponuke m\u00e1me \u010fal\u0161ie popul\u00e1rne zna\u010dky. Nev\u00e1hajte, prezrite si na\u0161e aut\u00e1 a rezervujte si online alebo n\u00e1m zavolajte na\u00a0 +421 917 233 447Vyberte si z rozmanitej ponuky na\u0161ich Mercedes minivanov na pren\u00e1jom. Vyberte si Mercedes V class \u010di Mercedes Viano. Ak predsa len preferujete nie\u010do in\u00e9, v ponuke m\u00e1me \u010fal\u0161ie popul\u00e1rne zna\u010dky. Nev\u00e1hajte, prezrite si na\u0161e aut\u00e1 a rezervujte si online alebo n\u00e1m zavolajte na\u00a0 +421 917 233 447\",\"breadcrumb\":{\"@id\":\"https:\/\/mtrental.eu\/sk\/minivany\/#breadcrumb\"},\"inLanguage\":\"sk-SK\",\"potentialAction\":[{\"@type\":\"ReadAction\",\"target\":[\"https:\/\/mtrental.eu\/sk\/minivany\/\"]}]},{\"@type\":\"BreadcrumbList\",\"@id\":\"https:\/\/mtrental.eu\/sk\/minivany\/#breadcrumb\",\"itemListElement\":[{\"@type\":\"ListItem\",\"position\":1,\"name\":\"Home\",\"item\":\"https:\/\/mtrental.eu\/sk\/home\/\"},{\"@type\":\"ListItem\",\"position\":2,\"name\":\"Minivany\"}]},{\"@type\":\"WebSite\",\"@id\":\"https:\/\/mtrental.eu\/sk\/#website\",\"url\":\"https:\/\/mtrental.eu\/sk\/\",\"name\":\"MTrental.eu | Pr\u00e9miov\u00e1 autopo\u017ei\u010dov\u0148a\",\"description\":\"MTrental.eu - Premium car rental\",\"publisher\":{\"@id\":\"https:\/\/mtrental.eu\/sk\/#organization\"},\"potentialAction\":[{\"@type\":\"SearchAction\",\"target\":{\"@type\":\"EntryPoint\",\"urlTemplate\":\"https:\/\/mtrental.eu\/sk\/?s={search_term_string}\"},\"query-input\":\"required name=search_term_string\"}],\"inLanguage\":\"sk-SK\"},{\"@type\":\"Organization\",\"@id\":\"https:\/\/mtrental.eu\/sk\/#organization\",\"name\":\"MTrental.eu | Pr\u00e9miov\u00e1 autopo\u017ei\u010dov\u0148a\",\"url\":\"https:\/\/mtrental.eu\/sk\/\",\"logo\":{\"@type\":\"ImageObject\",\"inLanguage\":\"sk-SK\",\"@id\":\"https:\/\/mtrental.eu\/sk\/#\/schema\/logo\/image\/\",\"url\":\"https:\/\/mtrental.eu\/wp-content\/uploads\/2019\/04\/cropped-IMG_0070.jpg\",\"contentUrl\":\"https:\/\/mtrental.eu\/wp-content\/uploads\/2019\/04\/cropped-IMG_0070.jpg\",\"width\":477,\"height\":250,\"caption\":\"MTrental.eu | Pr\u00e9miov\u00e1 autopo\u017ei\u010dov\u0148a \"},\"image\":{\"@id\":\"https:\/\/mtrental.eu\/sk\/#\/schema\/logo\/image\/\"},\"sameAs\":[\"https:\/\/www.facebook.com\/autoprenajom\/\"]}]}<\/script>\n<!-- \/ Yoast SEO plugin. -->","yoast_head_json":{"title":"Minivany | MTrental.eu | Pr\u00e9miov\u00e1 autopo\u017ei\u010dov\u0148a","description":"Vyberte si z rozmanitej ponuky na\u0161ich Mercedes minivanov na pren\u00e1jom. Vyberte si Mercedes V class \u010di Mercedes Viano. Ak predsa len preferujete nie\u010do in\u00e9, v ponuke m\u00e1me \u010fal\u0161ie popul\u00e1rne zna\u010dky. Nev\u00e1hajte, prezrite si na\u0161e aut\u00e1 a rezervujte si online alebo n\u00e1m zavolajte na\u00a0 +421 917 233 447Vyberte si z rozmanitej ponuky na\u0161ich Mercedes minivanov na pren\u00e1jom. Vyberte si Mercedes V class \u010di Mercedes Viano. Ak predsa len preferujete nie\u010do in\u00e9, v ponuke m\u00e1me \u010fal\u0161ie popul\u00e1rne zna\u010dky. Nev\u00e1hajte, prezrite si na\u0161e aut\u00e1 a rezervujte si online alebo n\u00e1m zavolajte na\u00a0 +421 917 233 447","robots":{"index":"index","follow":"follow","max-snippet":"max-snippet:-1","max-image-preview":"max-image-preview:large","max-video-preview":"max-video-preview:-1"},"canonical":"https:\/\/mtrental.eu\/sk\/minivany\/","og_locale":"sk_SK","og_type":"article","og_title":"Minivany | MTrental.eu | Pr\u00e9miov\u00e1 autopo\u017ei\u010dov\u0148a","og_description":"Vyberte si z rozmanitej ponuky na\u0161ich Mercedes minivanov na pren\u00e1jom. Vyberte si Mercedes V class \u010di Mercedes Viano. Ak predsa len preferujete nie\u010do in\u00e9, v ponuke m\u00e1me \u010fal\u0161ie popul\u00e1rne zna\u010dky. Nev\u00e1hajte, prezrite si na\u0161e aut\u00e1 a rezervujte si online alebo n\u00e1m zavolajte na\u00a0 +421 917 233 447Vyberte si z rozmanitej ponuky na\u0161ich Mercedes minivanov na pren\u00e1jom. Vyberte si Mercedes V class \u010di Mercedes Viano. Ak predsa len preferujete nie\u010do in\u00e9, v ponuke m\u00e1me \u010fal\u0161ie popul\u00e1rne zna\u010dky. Nev\u00e1hajte, prezrite si na\u0161e aut\u00e1 a rezervujte si online alebo n\u00e1m zavolajte na\u00a0 +421 917 233 447","og_url":"https:\/\/mtrental.eu\/sk\/minivany\/","og_site_name":"MTrental.eu | Pr\u00e9miov\u00e1 autopo\u017ei\u010dov\u0148a","article_publisher":"https:\/\/www.facebook.com\/autoprenajom\/","article_modified_time":"2022-12-04T11:01:17+00:00","twitter_card":"summary_large_image","schema":{"@context":"https:\/\/schema.org","@graph":[{"@type":"WebPage","@id":"https:\/\/mtrental.eu\/sk\/minivany\/","url":"https:\/\/mtrental.eu\/sk\/minivany\/","name":"Minivany | MTrental.eu | Pr\u00e9miov\u00e1 autopo\u017ei\u010dov\u0148a","isPartOf":{"@id":"https:\/\/mtrental.eu\/sk\/#website"},"datePublished":"2018-10-30T11:05:21+00:00","dateModified":"2022-12-04T11:01:17+00:00","description":"Vyberte si z rozmanitej ponuky na\u0161ich Mercedes minivanov na pren\u00e1jom. Vyberte si Mercedes V class \u010di Mercedes Viano. Ak predsa len preferujete nie\u010do in\u00e9, v ponuke m\u00e1me \u010fal\u0161ie popul\u00e1rne zna\u010dky. Nev\u00e1hajte, prezrite si na\u0161e aut\u00e1 a rezervujte si online alebo n\u00e1m zavolajte na\u00a0 +421 917 233 447Vyberte si z rozmanitej ponuky na\u0161ich Mercedes minivanov na pren\u00e1jom. Vyberte si Mercedes V class \u010di Mercedes Viano. Ak predsa len preferujete nie\u010do in\u00e9, v ponuke m\u00e1me \u010fal\u0161ie popul\u00e1rne zna\u010dky. Nev\u00e1hajte, prezrite si na\u0161e aut\u00e1 a rezervujte si online alebo n\u00e1m zavolajte na\u00a0 +421 917 233 447","breadcrumb":{"@id":"https:\/\/mtrental.eu\/sk\/minivany\/#breadcrumb"},"inLanguage":"sk-SK","potentialAction":[{"@type":"ReadAction","target":["https:\/\/mtrental.eu\/sk\/minivany\/"]}]},{"@type":"BreadcrumbList","@id":"https:\/\/mtrental.eu\/sk\/minivany\/#breadcrumb","itemListElement":[{"@type":"ListItem","position":1,"name":"Home","item":"https:\/\/mtrental.eu\/sk\/home\/"},{"@type":"ListItem","position":2,"name":"Minivany"}]},{"@type":"WebSite","@id":"https:\/\/mtrental.eu\/sk\/#website","url":"https:\/\/mtrental.eu\/sk\/","name":"MTrental.eu | Pr\u00e9miov\u00e1 autopo\u017ei\u010dov\u0148a","description":"MTrental.eu - Premium car rental","publisher":{"@id":"https:\/\/mtrental.eu\/sk\/#organization"},"potentialAction":[{"@type":"SearchAction","target":{"@type":"EntryPoint","urlTemplate":"https:\/\/mtrental.eu\/sk\/?s={search_term_string}"},"query-input":"required name=search_term_string"}],"inLanguage":"sk-SK"},{"@type":"Organization","@id":"https:\/\/mtrental.eu\/sk\/#organization","name":"MTrental.eu | Pr\u00e9miov\u00e1 autopo\u017ei\u010dov\u0148a","url":"https:\/\/mtrental.eu\/sk\/","logo":{"@type":"ImageObject","inLanguage":"sk-SK","@id":"https:\/\/mtrental.eu\/sk\/#\/schema\/logo\/image\/","url":"https:\/\/mtrental.eu\/wp-content\/uploads\/2019\/04\/cropped-IMG_0070.jpg","contentUrl":"https:\/\/mtrental.eu\/wp-content\/uploads\/2019\/04\/cropped-IMG_0070.jpg","width":477,"height":250,"caption":"MTrental.eu | Pr\u00e9miov\u00e1 autopo\u017ei\u010dov\u0148a "},"image":{"@id":"https:\/\/mtrental.eu\/sk\/#\/schema\/logo\/image\/"},"sameAs":["https:\/\/www.facebook.com\/autoprenajom\/"]}]}},"_links":{"self":[{"href":"https:\/\/mtrental.eu\/sk\/wp-json\/wp\/v2\/pages\/608"}],"collection":[{"href":"https:\/\/mtrental.eu\/sk\/wp-json\/wp\/v2\/pages"}],"about":[{"href":"https:\/\/mtrental.eu\/sk\/wp-json\/wp\/v2\/types\/page"}],"author":[{"embeddable":true,"href":"https:\/\/mtrental.eu\/sk\/wp-json\/wp\/v2\/users\/1"}],"replies":[{"embeddable":true,"href":"https:\/\/mtrental.eu\/sk\/wp-json\/wp\/v2\/comments?post=608"}],"version-history":[{"count":1,"href":"https:\/\/mtrental.eu\/sk\/wp-json\/wp\/v2\/pages\/608\/revisions"}],"predecessor-version":[{"id":1058,"href":"https:\/\/mtrental.eu\/sk\/wp-json\/wp\/v2\/pages\/608\/revisions\/1058"}],"wp:attachment":[{"href":"https:\/\/mtrental.eu\/sk\/wp-json\/wp\/v2\/media?parent=608"}],"curies":[{"name":"wp","href":"https:\/\/api.w.org\/{rel}","templated":true}]}}