{"id":606,"date":"2018-10-30T11:52:01","date_gmt":"2018-10-30T10:52:01","guid":{"rendered":"https:\/\/mtrental.eu\/luxury-sport-cars\/"},"modified":"2022-12-04T12:02:27","modified_gmt":"2022-12-04T11:02:27","slug":"luxusne-sportove-auta","status":"publish","type":"page","link":"https:\/\/mtrental.eu\/sk\/luxusne-sportove-auta\/","title":{"rendered":"Luxusn\u00e9 \u0161portov\u00e9 aut\u00e1"},"content":{"rendered":"<p>Vyberte si z rozmanitej ponuky na\u0161ich \u00e1ut luxusn\u00fdch \u0161portov\u00fdch \u00e1ut na pren\u00e1jom. Vyberte si Mercedes, Audi R8 alebo Lamborghini Huracan. Ak predsa len preferujete nie\u010do in\u00e9, v ponuke m\u00e1me \u010fal\u0161ie popul\u00e1rne zna\u010dky. Nev\u00e1hajte, prezrite si na\u0161e aut\u00e1 a rezervujte si online alebo n\u00e1m zavolajte na\u00a0 <a href=\"tel:+421 908 925 204\">+421 908 925 204<\/a><\/p>\n<!-- BEGIN .fleet-block-wrapper -->\r\n<div class=\"fleet-block-wrapper fleet-3-cols clearfix\">\r\n<div class=\"no-items-available\">\u017diadne vozidl\u00e1 k dispoz\u00edcii<\/div><!-- END .fleet-block-wrapper -->\r\n<\/div>\r\n\n","protected":false},"excerpt":{"rendered":"<p>Vyberte si z rozmanitej ponuky na\u0161ich \u00e1ut luxusn\u00fdch \u0161portov\u00fdch \u00e1ut na pren\u00e1jom. Vyberte si Mercedes, Audi R8 alebo Lamborghini Huracan. Ak predsa len preferujete nie\u010do in\u00e9, v ponuke m\u00e1me \u010fal\u0161ie popul\u00e1rne zna\u010dky. Nev\u00e1hajte, prezrite si na\u0161e aut\u00e1 a rezervujte si [&hellip;]<\/p>\n","protected":false},"author":1,"featured_media":0,"parent":0,"menu_order":0,"comment_status":"closed","ping_status":"closed","template":"page-car_classes.php","meta":{"footnotes":""},"yoast_head":"<!-- This site is optimized with the Yoast SEO plugin v22.4 - https:\/\/yoast.com\/wordpress\/plugins\/seo\/ -->\n<title>Luxusn\u00e9 \u0161portov\u00e9 aut\u00e1 | MTrental.eu | Pr\u00e9miov\u00e1 autopo\u017ei\u010dov\u0148a<\/title>\n<meta name=\"description\" content=\"Vyberte si z rozmanitej ponuky na\u0161ich \u00e1ut luxusn\u00fdch \u0161portov\u00fdch \u00e1ut na pren\u00e1jom. Vyberte si Mercedes, Audi R8 alebo Lamborghini Huracan. Ak predsa len preferujete nie\u010do in\u00e9, v ponuke m\u00e1me \u010fal\u0161ie popul\u00e1rne zna\u010dky. Nev\u00e1hajte, prezrite si na\u0161e aut\u00e1 a rezervujte si online alebo n\u00e1m zavolajte na\u00a0 +421 917 233 447\" \/>\n<meta name=\"robots\" content=\"index, follow, max-snippet:-1, max-image-preview:large, max-video-preview:-1\" \/>\n<link rel=\"canonical\" href=\"https:\/\/mtrental.eu\/sk\/luxusne-sportove-auta\/\" \/>\n<meta property=\"og:locale\" content=\"sk_SK\" \/>\n<meta property=\"og:type\" content=\"article\" \/>\n<meta property=\"og:title\" content=\"Luxusn\u00e9 \u0161portov\u00e9 aut\u00e1 | MTrental.eu | Pr\u00e9miov\u00e1 autopo\u017ei\u010dov\u0148a\" \/>\n<meta property=\"og:description\" content=\"Vyberte si z rozmanitej ponuky na\u0161ich \u00e1ut luxusn\u00fdch \u0161portov\u00fdch \u00e1ut na pren\u00e1jom. Vyberte si Mercedes, Audi R8 alebo Lamborghini Huracan. Ak predsa len preferujete nie\u010do in\u00e9, v ponuke m\u00e1me \u010fal\u0161ie popul\u00e1rne zna\u010dky. Nev\u00e1hajte, prezrite si na\u0161e aut\u00e1 a rezervujte si online alebo n\u00e1m zavolajte na\u00a0 +421 917 233 447\" \/>\n<meta property=\"og:url\" content=\"https:\/\/mtrental.eu\/sk\/luxusne-sportove-auta\/\" \/>\n<meta property=\"og:site_name\" content=\"MTrental.eu | Pr\u00e9miov\u00e1 autopo\u017ei\u010dov\u0148a\" \/>\n<meta property=\"article:publisher\" content=\"https:\/\/www.facebook.com\/autoprenajom\/\" \/>\n<meta property=\"article:modified_time\" content=\"2022-12-04T11:02:27+00:00\" \/>\n<meta name=\"twitter:card\" content=\"summary_large_image\" \/>\n<script type=\"application\/ld+json\" class=\"yoast-schema-graph\">{\"@context\":\"https:\/\/schema.org\",\"@graph\":[{\"@type\":\"WebPage\",\"@id\":\"https:\/\/mtrental.eu\/sk\/luxusne-sportove-auta\/\",\"url\":\"https:\/\/mtrental.eu\/sk\/luxusne-sportove-auta\/\",\"name\":\"Luxusn\u00e9 \u0161portov\u00e9 aut\u00e1 | MTrental.eu | Pr\u00e9miov\u00e1 autopo\u017ei\u010dov\u0148a\",\"isPartOf\":{\"@id\":\"https:\/\/mtrental.eu\/sk\/#website\"},\"datePublished\":\"2018-10-30T10:52:01+00:00\",\"dateModified\":\"2022-12-04T11:02:27+00:00\",\"description\":\"Vyberte si z rozmanitej ponuky na\u0161ich \u00e1ut luxusn\u00fdch \u0161portov\u00fdch \u00e1ut na pren\u00e1jom. Vyberte si Mercedes, Audi R8 alebo Lamborghini Huracan. Ak predsa len preferujete nie\u010do in\u00e9, v ponuke m\u00e1me \u010fal\u0161ie popul\u00e1rne zna\u010dky. Nev\u00e1hajte, prezrite si na\u0161e aut\u00e1 a rezervujte si online alebo n\u00e1m zavolajte na\u00a0 +421 917 233 447\",\"breadcrumb\":{\"@id\":\"https:\/\/mtrental.eu\/sk\/luxusne-sportove-auta\/#breadcrumb\"},\"inLanguage\":\"sk-SK\",\"potentialAction\":[{\"@type\":\"ReadAction\",\"target\":[\"https:\/\/mtrental.eu\/sk\/luxusne-sportove-auta\/\"]}]},{\"@type\":\"BreadcrumbList\",\"@id\":\"https:\/\/mtrental.eu\/sk\/luxusne-sportove-auta\/#breadcrumb\",\"itemListElement\":[{\"@type\":\"ListItem\",\"position\":1,\"name\":\"Home\",\"item\":\"https:\/\/mtrental.eu\/sk\/home\/\"},{\"@type\":\"ListItem\",\"position\":2,\"name\":\"Luxusn\u00e9 \u0161portov\u00e9 aut\u00e1\"}]},{\"@type\":\"WebSite\",\"@id\":\"https:\/\/mtrental.eu\/sk\/#website\",\"url\":\"https:\/\/mtrental.eu\/sk\/\",\"name\":\"MTrental.eu | Pr\u00e9miov\u00e1 autopo\u017ei\u010dov\u0148a\",\"description\":\"MTrental.eu - Premium car rental\",\"publisher\":{\"@id\":\"https:\/\/mtrental.eu\/sk\/#organization\"},\"potentialAction\":[{\"@type\":\"SearchAction\",\"target\":{\"@type\":\"EntryPoint\",\"urlTemplate\":\"https:\/\/mtrental.eu\/sk\/?s={search_term_string}\"},\"query-input\":\"required name=search_term_string\"}],\"inLanguage\":\"sk-SK\"},{\"@type\":\"Organization\",\"@id\":\"https:\/\/mtrental.eu\/sk\/#organization\",\"name\":\"MTrental.eu | Pr\u00e9miov\u00e1 autopo\u017ei\u010dov\u0148a\",\"url\":\"https:\/\/mtrental.eu\/sk\/\",\"logo\":{\"@type\":\"ImageObject\",\"inLanguage\":\"sk-SK\",\"@id\":\"https:\/\/mtrental.eu\/sk\/#\/schema\/logo\/image\/\",\"url\":\"https:\/\/mtrental.eu\/wp-content\/uploads\/2019\/04\/cropped-IMG_0070.jpg\",\"contentUrl\":\"https:\/\/mtrental.eu\/wp-content\/uploads\/2019\/04\/cropped-IMG_0070.jpg\",\"width\":477,\"height\":250,\"caption\":\"MTrental.eu | Pr\u00e9miov\u00e1 autopo\u017ei\u010dov\u0148a \"},\"image\":{\"@id\":\"https:\/\/mtrental.eu\/sk\/#\/schema\/logo\/image\/\"},\"sameAs\":[\"https:\/\/www.facebook.com\/autoprenajom\/\"]}]}<\/script>\n<!-- \/ Yoast SEO plugin. -->","yoast_head_json":{"title":"Luxusn\u00e9 \u0161portov\u00e9 aut\u00e1 | MTrental.eu | Pr\u00e9miov\u00e1 autopo\u017ei\u010dov\u0148a","description":"Vyberte si z rozmanitej ponuky na\u0161ich \u00e1ut luxusn\u00fdch \u0161portov\u00fdch \u00e1ut na pren\u00e1jom. Vyberte si Mercedes, Audi R8 alebo Lamborghini Huracan. Ak predsa len preferujete nie\u010do in\u00e9, v ponuke m\u00e1me \u010fal\u0161ie popul\u00e1rne zna\u010dky. Nev\u00e1hajte, prezrite si na\u0161e aut\u00e1 a rezervujte si online alebo n\u00e1m zavolajte na\u00a0 +421 917 233 447","robots":{"index":"index","follow":"follow","max-snippet":"max-snippet:-1","max-image-preview":"max-image-preview:large","max-video-preview":"max-video-preview:-1"},"canonical":"https:\/\/mtrental.eu\/sk\/luxusne-sportove-auta\/","og_locale":"sk_SK","og_type":"article","og_title":"Luxusn\u00e9 \u0161portov\u00e9 aut\u00e1 | MTrental.eu | Pr\u00e9miov\u00e1 autopo\u017ei\u010dov\u0148a","og_description":"Vyberte si z rozmanitej ponuky na\u0161ich \u00e1ut luxusn\u00fdch \u0161portov\u00fdch \u00e1ut na pren\u00e1jom. Vyberte si Mercedes, Audi R8 alebo Lamborghini Huracan. Ak predsa len preferujete nie\u010do in\u00e9, v ponuke m\u00e1me \u010fal\u0161ie popul\u00e1rne zna\u010dky. Nev\u00e1hajte, prezrite si na\u0161e aut\u00e1 a rezervujte si online alebo n\u00e1m zavolajte na\u00a0 +421 917 233 447","og_url":"https:\/\/mtrental.eu\/sk\/luxusne-sportove-auta\/","og_site_name":"MTrental.eu | Pr\u00e9miov\u00e1 autopo\u017ei\u010dov\u0148a","article_publisher":"https:\/\/www.facebook.com\/autoprenajom\/","article_modified_time":"2022-12-04T11:02:27+00:00","twitter_card":"summary_large_image","schema":{"@context":"https:\/\/schema.org","@graph":[{"@type":"WebPage","@id":"https:\/\/mtrental.eu\/sk\/luxusne-sportove-auta\/","url":"https:\/\/mtrental.eu\/sk\/luxusne-sportove-auta\/","name":"Luxusn\u00e9 \u0161portov\u00e9 aut\u00e1 | MTrental.eu | Pr\u00e9miov\u00e1 autopo\u017ei\u010dov\u0148a","isPartOf":{"@id":"https:\/\/mtrental.eu\/sk\/#website"},"datePublished":"2018-10-30T10:52:01+00:00","dateModified":"2022-12-04T11:02:27+00:00","description":"Vyberte si z rozmanitej ponuky na\u0161ich \u00e1ut luxusn\u00fdch \u0161portov\u00fdch \u00e1ut na pren\u00e1jom. Vyberte si Mercedes, Audi R8 alebo Lamborghini Huracan. Ak predsa len preferujete nie\u010do in\u00e9, v ponuke m\u00e1me \u010fal\u0161ie popul\u00e1rne zna\u010dky. Nev\u00e1hajte, prezrite si na\u0161e aut\u00e1 a rezervujte si online alebo n\u00e1m zavolajte na\u00a0 +421 917 233 447","breadcrumb":{"@id":"https:\/\/mtrental.eu\/sk\/luxusne-sportove-auta\/#breadcrumb"},"inLanguage":"sk-SK","potentialAction":[{"@type":"ReadAction","target":["https:\/\/mtrental.eu\/sk\/luxusne-sportove-auta\/"]}]},{"@type":"BreadcrumbList","@id":"https:\/\/mtrental.eu\/sk\/luxusne-sportove-auta\/#breadcrumb","itemListElement":[{"@type":"ListItem","position":1,"name":"Home","item":"https:\/\/mtrental.eu\/sk\/home\/"},{"@type":"ListItem","position":2,"name":"Luxusn\u00e9 \u0161portov\u00e9 aut\u00e1"}]},{"@type":"WebSite","@id":"https:\/\/mtrental.eu\/sk\/#website","url":"https:\/\/mtrental.eu\/sk\/","name":"MTrental.eu | Pr\u00e9miov\u00e1 autopo\u017ei\u010dov\u0148a","description":"MTrental.eu - Premium car rental","publisher":{"@id":"https:\/\/mtrental.eu\/sk\/#organization"},"potentialAction":[{"@type":"SearchAction","target":{"@type":"EntryPoint","urlTemplate":"https:\/\/mtrental.eu\/sk\/?s={search_term_string}"},"query-input":"required name=search_term_string"}],"inLanguage":"sk-SK"},{"@type":"Organization","@id":"https:\/\/mtrental.eu\/sk\/#organization","name":"MTrental.eu | Pr\u00e9miov\u00e1 autopo\u017ei\u010dov\u0148a","url":"https:\/\/mtrental.eu\/sk\/","logo":{"@type":"ImageObject","inLanguage":"sk-SK","@id":"https:\/\/mtrental.eu\/sk\/#\/schema\/logo\/image\/","url":"https:\/\/mtrental.eu\/wp-content\/uploads\/2019\/04\/cropped-IMG_0070.jpg","contentUrl":"https:\/\/mtrental.eu\/wp-content\/uploads\/2019\/04\/cropped-IMG_0070.jpg","width":477,"height":250,"caption":"MTrental.eu | Pr\u00e9miov\u00e1 autopo\u017ei\u010dov\u0148a "},"image":{"@id":"https:\/\/mtrental.eu\/sk\/#\/schema\/logo\/image\/"},"sameAs":["https:\/\/www.facebook.com\/autoprenajom\/"]}]}},"_links":{"self":[{"href":"https:\/\/mtrental.eu\/sk\/wp-json\/wp\/v2\/pages\/606"}],"collection":[{"href":"https:\/\/mtrental.eu\/sk\/wp-json\/wp\/v2\/pages"}],"about":[{"href":"https:\/\/mtrental.eu\/sk\/wp-json\/wp\/v2\/types\/page"}],"author":[{"embeddable":true,"href":"https:\/\/mtrental.eu\/sk\/wp-json\/wp\/v2\/users\/1"}],"replies":[{"embeddable":true,"href":"https:\/\/mtrental.eu\/sk\/wp-json\/wp\/v2\/comments?post=606"}],"version-history":[{"count":1,"href":"https:\/\/mtrental.eu\/sk\/wp-json\/wp\/v2\/pages\/606\/revisions"}],"predecessor-version":[{"id":1059,"href":"https:\/\/mtrental.eu\/sk\/wp-json\/wp\/v2\/pages\/606\/revisions\/1059"}],"wp:attachment":[{"href":"https:\/\/mtrental.eu\/sk\/wp-json\/wp\/v2\/media?parent=606"}],"curies":[{"name":"wp","href":"https:\/\/api.w.org\/{rel}","templated":true}]}}