{"id":327,"date":"2018-07-27T14:14:27","date_gmt":"2018-07-27T12:14:27","guid":{"rendered":"http:\/\/mtrental.eu\/manufacturers\/"},"modified":"2019-06-07T14:37:17","modified_gmt":"2019-06-07T12:37:17","slug":"znacky-aut","status":"publish","type":"page","link":"https:\/\/mtrental.eu\/sk\/znacky-aut\/","title":{"rendered":"Zna\u010dky \u00e1ut"},"content":{"rendered":"<div class=\"car-rental-wrapper car-rental-manufacturers-grid car-rental-loading\">\r\n            <div class=\"car-rental-manufacturer-box\">\r\n                            <img decoding=\"async\" src=\"https:\/\/mtrental.eu\/wp-content\/plugins\/NativeRentalSystem\/Extensions\/CarRental\/DemoGallery\/thumb_manufacturer_audi-logo.png\" title=\"Audi\" alt=\"Audi\">\r\n                    <\/div>\r\n            <div class=\"car-rental-manufacturer-box\">\r\n                            <div class=\"car-rental-manufacturer-title\">\r\n                    BMW                <\/div>\r\n                    <\/div>\r\n            <div class=\"car-rental-manufacturer-box\">\r\n                            <img decoding=\"async\" src=\"https:\/\/mtrental.eu\/wp-content\/uploads\/CarRentalGallery\/thumb_manufacturer_Fiat-logo-880x6601.png\" title=\"Fiat\" alt=\"Fiat\">\r\n                    <\/div>\r\n            <div class=\"car-rental-manufacturer-box\">\r\n                            <img decoding=\"async\" src=\"https:\/\/mtrental.eu\/wp-content\/plugins\/NativeRentalSystem\/Extensions\/CarRental\/DemoGallery\/thumb_manufacturer_ford-logo.png\" title=\"Ford\" alt=\"Ford\">\r\n                    <\/div>\r\n            <div class=\"car-rental-manufacturer-box\">\r\n                            <div class=\"car-rental-manufacturer-title\">\r\n                    Hyundai                <\/div>\r\n                    <\/div>\r\n            <div class=\"car-rental-manufacturer-box\">\r\n                            <div class=\"car-rental-manufacturer-title\">\r\n                    Jaguar                <\/div>\r\n                    <\/div>\r\n            <div class=\"car-rental-manufacturer-box\">\r\n                            <div class=\"car-rental-manufacturer-title\">\r\n                    Jeep                <\/div>\r\n                    <\/div>\r\n            <div class=\"car-rental-manufacturer-box\">\r\n                            <img decoding=\"async\" src=\"https:\/\/mtrental.eu\/wp-content\/plugins\/NativeRentalSystem\/Extensions\/CarRental\/DemoGallery\/thumb_manufacturer_kia-logo.png\" title=\"Kia\" alt=\"Kia\">\r\n                    <\/div>\r\n            <div class=\"car-rental-manufacturer-box\">\r\n                            <img decoding=\"async\" src=\"https:\/\/mtrental.eu\/wp-content\/uploads\/CarRentalGallery\/thumb_manufacturer_Lamborghini-Logo1.png\" title=\"Lamborghini\" alt=\"Lamborghini\">\r\n                    <\/div>\r\n            <div class=\"car-rental-manufacturer-box\">\r\n                            <img decoding=\"async\" src=\"https:\/\/mtrental.eu\/wp-content\/uploads\/CarRentalGallery\/thumb_manufacturer_Land-Rover-logo-2011-1920x10801.png\" title=\"Land Rover\" alt=\"Land Rover\">\r\n                    <\/div>\r\n            <div class=\"car-rental-manufacturer-box\">\r\n                            <img decoding=\"async\" src=\"https:\/\/mtrental.eu\/wp-content\/uploads\/CarRentalGallery\/thumb_manufacturer_Maserati_Logo1.png\" title=\"Maserati\" alt=\"Maserati\">\r\n                    <\/div>\r\n            <div class=\"car-rental-manufacturer-box\">\r\n                            <img decoding=\"async\" src=\"https:\/\/mtrental.eu\/wp-content\/plugins\/NativeRentalSystem\/Extensions\/CarRental\/DemoGallery\/thumb_manufacturer_mazda-logo.png\" title=\"Mazda\" alt=\"Mazda\">\r\n                    <\/div>\r\n            <div class=\"car-rental-manufacturer-box\">\r\n                            <img decoding=\"async\" src=\"https:\/\/mtrental.eu\/wp-content\/plugins\/NativeRentalSystem\/Extensions\/CarRental\/DemoGallery\/thumb_manufacturer_mercedes-logo.png\" title=\"Mercedes\" alt=\"Mercedes\">\r\n                    <\/div>\r\n            <div class=\"car-rental-manufacturer-box\">\r\n                            <img decoding=\"async\" src=\"https:\/\/mtrental.eu\/wp-content\/plugins\/NativeRentalSystem\/Extensions\/CarRental\/DemoGallery\/thumb_manufacturer_nissan-logo.png\" title=\"Nissan\" alt=\"Nissan\">\r\n                    <\/div>\r\n            <div class=\"car-rental-manufacturer-box\">\r\n                            <div class=\"car-rental-manufacturer-title\">\r\n                    Opel                <\/div>\r\n                    <\/div>\r\n            <div class=\"car-rental-manufacturer-box\">\r\n                            <img decoding=\"async\" src=\"https:\/\/mtrental.eu\/wp-content\/uploads\/CarRentalGallery\/thumb_manufacturer_porsche.jpg\" title=\"Porsche\" alt=\"Porsche\">\r\n                    <\/div>\r\n            <div class=\"car-rental-manufacturer-box\">\r\n                            <img decoding=\"async\" src=\"https:\/\/mtrental.eu\/wp-content\/uploads\/CarRentalGallery\/thumb_manufacturer_Skoda-logo-880x6601.png\" title=\"\u0160koda\" alt=\"\u0160koda\">\r\n                    <\/div>\r\n            <div class=\"car-rental-manufacturer-box\">\r\n                            <img decoding=\"async\" src=\"https:\/\/mtrental.eu\/wp-content\/plugins\/NativeRentalSystem\/Extensions\/CarRental\/DemoGallery\/thumb_manufacturer_toyota-logo.png\" title=\"Toyota\" alt=\"Toyota\">\r\n                    <\/div>\r\n            <div class=\"car-rental-manufacturer-box\">\r\n                            <img decoding=\"async\" src=\"https:\/\/mtrental.eu\/wp-content\/uploads\/CarRentalGallery\/thumb_manufacturer_Volvo-logo-high-resolution-png-download-768x768.png\" title=\"Volvo\" alt=\"Volvo\">\r\n                    <\/div>\r\n            <div class=\"car-rental-manufacturer-box\">\r\n                            <img decoding=\"async\" src=\"https:\/\/mtrental.eu\/wp-content\/plugins\/NativeRentalSystem\/Extensions\/CarRental\/DemoGallery\/thumb_manufacturer_vw-logo.png\" title=\"VW\" alt=\"VW\">\r\n                    <\/div>\r\n        <div class=\"clear\">&nbsp;<\/div>\r\n<\/div>\n","protected":false},"excerpt":{"rendered":"","protected":false},"author":1,"featured_media":0,"parent":0,"menu_order":0,"comment_status":"closed","ping_status":"closed","template":"","meta":{"footnotes":""},"yoast_head":"<!-- This site is optimized with the Yoast SEO plugin v22.4 - https:\/\/yoast.com\/wordpress\/plugins\/seo\/ -->\n<title>Zna\u010dky \u00e1ut | MTrental.eu | Pr\u00e9miov\u00e1 autopo\u017ei\u010dov\u0148a<\/title>\n<meta name=\"description\" content=\"MTrental je pr\u00e9miov\u00e1 autopo\u017ei\u010dov\u0148a. Pozrite sa na zna\u010dky alebo v\u00fdrobcov luxusn\u00fdch \u00e1ut v na\u0161ej flotile a nev\u00e1hajte si jedno s nami prenaja\u0165 pohodlne online.\" \/>\n<meta name=\"robots\" content=\"index, follow, max-snippet:-1, max-image-preview:large, max-video-preview:-1\" \/>\n<link rel=\"canonical\" href=\"https:\/\/mtrental.eu\/sk\/znacky-aut\/\" \/>\n<meta property=\"og:locale\" content=\"sk_SK\" \/>\n<meta property=\"og:type\" content=\"article\" \/>\n<meta property=\"og:title\" content=\"Zna\u010dky \u00e1ut | MTrental.eu | Pr\u00e9miov\u00e1 autopo\u017ei\u010dov\u0148a\" \/>\n<meta property=\"og:description\" content=\"MTrental je pr\u00e9miov\u00e1 autopo\u017ei\u010dov\u0148a. Pozrite sa na zna\u010dky alebo v\u00fdrobcov luxusn\u00fdch \u00e1ut v na\u0161ej flotile a nev\u00e1hajte si jedno s nami prenaja\u0165 pohodlne online.\" \/>\n<meta property=\"og:url\" content=\"https:\/\/mtrental.eu\/sk\/znacky-aut\/\" \/>\n<meta property=\"og:site_name\" content=\"MTrental.eu | Pr\u00e9miov\u00e1 autopo\u017ei\u010dov\u0148a\" \/>\n<meta property=\"article:publisher\" content=\"https:\/\/www.facebook.com\/autoprenajom\/\" \/>\n<meta property=\"article:modified_time\" content=\"2019-06-07T12:37:17+00:00\" \/>\n<meta name=\"twitter:card\" content=\"summary_large_image\" \/>\n<script type=\"application\/ld+json\" class=\"yoast-schema-graph\">{\"@context\":\"https:\/\/schema.org\",\"@graph\":[{\"@type\":\"WebPage\",\"@id\":\"https:\/\/mtrental.eu\/sk\/znacky-aut\/\",\"url\":\"https:\/\/mtrental.eu\/sk\/znacky-aut\/\",\"name\":\"Zna\u010dky \u00e1ut | MTrental.eu | Pr\u00e9miov\u00e1 autopo\u017ei\u010dov\u0148a\",\"isPartOf\":{\"@id\":\"https:\/\/mtrental.eu\/sk\/#website\"},\"datePublished\":\"2018-07-27T12:14:27+00:00\",\"dateModified\":\"2019-06-07T12:37:17+00:00\",\"description\":\"MTrental je pr\u00e9miov\u00e1 autopo\u017ei\u010dov\u0148a. Pozrite sa na zna\u010dky alebo v\u00fdrobcov luxusn\u00fdch \u00e1ut v na\u0161ej flotile a nev\u00e1hajte si jedno s nami prenaja\u0165 pohodlne online.\",\"breadcrumb\":{\"@id\":\"https:\/\/mtrental.eu\/sk\/znacky-aut\/#breadcrumb\"},\"inLanguage\":\"sk-SK\",\"potentialAction\":[{\"@type\":\"ReadAction\",\"target\":[\"https:\/\/mtrental.eu\/sk\/znacky-aut\/\"]}]},{\"@type\":\"BreadcrumbList\",\"@id\":\"https:\/\/mtrental.eu\/sk\/znacky-aut\/#breadcrumb\",\"itemListElement\":[{\"@type\":\"ListItem\",\"position\":1,\"name\":\"Home\",\"item\":\"https:\/\/mtrental.eu\/sk\/home\/\"},{\"@type\":\"ListItem\",\"position\":2,\"name\":\"Zna\u010dky \u00e1ut\"}]},{\"@type\":\"WebSite\",\"@id\":\"https:\/\/mtrental.eu\/sk\/#website\",\"url\":\"https:\/\/mtrental.eu\/sk\/\",\"name\":\"MTrental.eu | Pr\u00e9miov\u00e1 autopo\u017ei\u010dov\u0148a\",\"description\":\"MTrental.eu - Premium car rental\",\"publisher\":{\"@id\":\"https:\/\/mtrental.eu\/sk\/#organization\"},\"potentialAction\":[{\"@type\":\"SearchAction\",\"target\":{\"@type\":\"EntryPoint\",\"urlTemplate\":\"https:\/\/mtrental.eu\/sk\/?s={search_term_string}\"},\"query-input\":\"required name=search_term_string\"}],\"inLanguage\":\"sk-SK\"},{\"@type\":\"Organization\",\"@id\":\"https:\/\/mtrental.eu\/sk\/#organization\",\"name\":\"MTrental.eu | Pr\u00e9miov\u00e1 autopo\u017ei\u010dov\u0148a\",\"url\":\"https:\/\/mtrental.eu\/sk\/\",\"logo\":{\"@type\":\"ImageObject\",\"inLanguage\":\"sk-SK\",\"@id\":\"https:\/\/mtrental.eu\/sk\/#\/schema\/logo\/image\/\",\"url\":\"https:\/\/mtrental.eu\/wp-content\/uploads\/2019\/04\/cropped-IMG_0070.jpg\",\"contentUrl\":\"https:\/\/mtrental.eu\/wp-content\/uploads\/2019\/04\/cropped-IMG_0070.jpg\",\"width\":477,\"height\":250,\"caption\":\"MTrental.eu | Pr\u00e9miov\u00e1 autopo\u017ei\u010dov\u0148a \"},\"image\":{\"@id\":\"https:\/\/mtrental.eu\/sk\/#\/schema\/logo\/image\/\"},\"sameAs\":[\"https:\/\/www.facebook.com\/autoprenajom\/\"]}]}<\/script>\n<!-- \/ Yoast SEO plugin. -->","yoast_head_json":{"title":"Zna\u010dky \u00e1ut | MTrental.eu | Pr\u00e9miov\u00e1 autopo\u017ei\u010dov\u0148a","description":"MTrental je pr\u00e9miov\u00e1 autopo\u017ei\u010dov\u0148a. Pozrite sa na zna\u010dky alebo v\u00fdrobcov luxusn\u00fdch \u00e1ut v na\u0161ej flotile a nev\u00e1hajte si jedno s nami prenaja\u0165 pohodlne online.","robots":{"index":"index","follow":"follow","max-snippet":"max-snippet:-1","max-image-preview":"max-image-preview:large","max-video-preview":"max-video-preview:-1"},"canonical":"https:\/\/mtrental.eu\/sk\/znacky-aut\/","og_locale":"sk_SK","og_type":"article","og_title":"Zna\u010dky \u00e1ut | MTrental.eu | Pr\u00e9miov\u00e1 autopo\u017ei\u010dov\u0148a","og_description":"MTrental je pr\u00e9miov\u00e1 autopo\u017ei\u010dov\u0148a. Pozrite sa na zna\u010dky alebo v\u00fdrobcov luxusn\u00fdch \u00e1ut v na\u0161ej flotile a nev\u00e1hajte si jedno s nami prenaja\u0165 pohodlne online.","og_url":"https:\/\/mtrental.eu\/sk\/znacky-aut\/","og_site_name":"MTrental.eu | Pr\u00e9miov\u00e1 autopo\u017ei\u010dov\u0148a","article_publisher":"https:\/\/www.facebook.com\/autoprenajom\/","article_modified_time":"2019-06-07T12:37:17+00:00","twitter_card":"summary_large_image","schema":{"@context":"https:\/\/schema.org","@graph":[{"@type":"WebPage","@id":"https:\/\/mtrental.eu\/sk\/znacky-aut\/","url":"https:\/\/mtrental.eu\/sk\/znacky-aut\/","name":"Zna\u010dky \u00e1ut | MTrental.eu | Pr\u00e9miov\u00e1 autopo\u017ei\u010dov\u0148a","isPartOf":{"@id":"https:\/\/mtrental.eu\/sk\/#website"},"datePublished":"2018-07-27T12:14:27+00:00","dateModified":"2019-06-07T12:37:17+00:00","description":"MTrental je pr\u00e9miov\u00e1 autopo\u017ei\u010dov\u0148a. Pozrite sa na zna\u010dky alebo v\u00fdrobcov luxusn\u00fdch \u00e1ut v na\u0161ej flotile a nev\u00e1hajte si jedno s nami prenaja\u0165 pohodlne online.","breadcrumb":{"@id":"https:\/\/mtrental.eu\/sk\/znacky-aut\/#breadcrumb"},"inLanguage":"sk-SK","potentialAction":[{"@type":"ReadAction","target":["https:\/\/mtrental.eu\/sk\/znacky-aut\/"]}]},{"@type":"BreadcrumbList","@id":"https:\/\/mtrental.eu\/sk\/znacky-aut\/#breadcrumb","itemListElement":[{"@type":"ListItem","position":1,"name":"Home","item":"https:\/\/mtrental.eu\/sk\/home\/"},{"@type":"ListItem","position":2,"name":"Zna\u010dky \u00e1ut"}]},{"@type":"WebSite","@id":"https:\/\/mtrental.eu\/sk\/#website","url":"https:\/\/mtrental.eu\/sk\/","name":"MTrental.eu | Pr\u00e9miov\u00e1 autopo\u017ei\u010dov\u0148a","description":"MTrental.eu - Premium car rental","publisher":{"@id":"https:\/\/mtrental.eu\/sk\/#organization"},"potentialAction":[{"@type":"SearchAction","target":{"@type":"EntryPoint","urlTemplate":"https:\/\/mtrental.eu\/sk\/?s={search_term_string}"},"query-input":"required name=search_term_string"}],"inLanguage":"sk-SK"},{"@type":"Organization","@id":"https:\/\/mtrental.eu\/sk\/#organization","name":"MTrental.eu | Pr\u00e9miov\u00e1 autopo\u017ei\u010dov\u0148a","url":"https:\/\/mtrental.eu\/sk\/","logo":{"@type":"ImageObject","inLanguage":"sk-SK","@id":"https:\/\/mtrental.eu\/sk\/#\/schema\/logo\/image\/","url":"https:\/\/mtrental.eu\/wp-content\/uploads\/2019\/04\/cropped-IMG_0070.jpg","contentUrl":"https:\/\/mtrental.eu\/wp-content\/uploads\/2019\/04\/cropped-IMG_0070.jpg","width":477,"height":250,"caption":"MTrental.eu | Pr\u00e9miov\u00e1 autopo\u017ei\u010dov\u0148a "},"image":{"@id":"https:\/\/mtrental.eu\/sk\/#\/schema\/logo\/image\/"},"sameAs":["https:\/\/www.facebook.com\/autoprenajom\/"]}]}},"_links":{"self":[{"href":"https:\/\/mtrental.eu\/sk\/wp-json\/wp\/v2\/pages\/327"}],"collection":[{"href":"https:\/\/mtrental.eu\/sk\/wp-json\/wp\/v2\/pages"}],"about":[{"href":"https:\/\/mtrental.eu\/sk\/wp-json\/wp\/v2\/types\/page"}],"author":[{"embeddable":true,"href":"https:\/\/mtrental.eu\/sk\/wp-json\/wp\/v2\/users\/1"}],"replies":[{"embeddable":true,"href":"https:\/\/mtrental.eu\/sk\/wp-json\/wp\/v2\/comments?post=327"}],"version-history":[{"count":1,"href":"https:\/\/mtrental.eu\/sk\/wp-json\/wp\/v2\/pages\/327\/revisions"}],"predecessor-version":[{"id":843,"href":"https:\/\/mtrental.eu\/sk\/wp-json\/wp\/v2\/pages\/327\/revisions\/843"}],"wp:attachment":[{"href":"https:\/\/mtrental.eu\/sk\/wp-json\/wp\/v2\/media?parent=327"}],"curies":[{"name":"wp","href":"https:\/\/api.w.org\/{rel}","templated":true}]}}