{"id":316,"date":"2018-07-17T15:24:10","date_gmt":"2018-07-17T13:24:10","guid":{"rendered":"http:\/\/mtrental.eu\/home\/"},"modified":"2019-07-30T09:35:18","modified_gmt":"2019-07-30T07:35:18","slug":"home","status":"publish","type":"page","link":"https:\/\/mtrental.eu\/sk\/","title":{"rendered":"Domov"},"content":{"rendered":"","protected":false},"excerpt":{"rendered":"","protected":false},"author":1,"featured_media":0,"parent":0,"menu_order":0,"comment_status":"closed","ping_status":"closed","template":"","meta":{"footnotes":""},"yoast_head":"<!-- This site is optimized with the Yoast SEO plugin v22.4 - https:\/\/yoast.com\/wordpress\/plugins\/seo\/ -->\n<title>MTrental.eu | autopo\u017ei\u010dov\u0148a luxusn\u00fdch \u00e1ut<\/title>\n<meta name=\"description\" content=\"MTrental.eu je pr\u00e9miov\u00e1 autopo\u017ei\u010dov\u0148a s\u00eddliaca v Bratislave a vo Viedni. Prezrite si na\u0161u bohat\u00fa ponuku Mercedesov, Audi \u010di Lamborghini a rezervujte si jazdu online.\" \/>\n<meta name=\"robots\" content=\"index, follow, max-snippet:-1, max-image-preview:large, max-video-preview:-1\" \/>\n<link rel=\"canonical\" href=\"https:\/\/mtrental.eu\/sk\/\" \/>\n<meta property=\"og:locale\" content=\"sk_SK\" \/>\n<meta property=\"og:type\" content=\"article\" \/>\n<meta property=\"og:title\" content=\"MTrental.eu | autopo\u017ei\u010dov\u0148a luxusn\u00fdch \u00e1ut\" \/>\n<meta property=\"og:description\" content=\"MTrental.eu je pr\u00e9miov\u00e1 autopo\u017ei\u010dov\u0148a s\u00eddliaca v Bratislave a vo Viedni. Prezrite si na\u0161u bohat\u00fa ponuku Mercedesov, Audi \u010di Lamborghini a rezervujte si jazdu online.\" \/>\n<meta property=\"og:url\" content=\"https:\/\/mtrental.eu\/sk\/\" \/>\n<meta property=\"og:site_name\" content=\"MTrental.eu | Pr\u00e9miov\u00e1 autopo\u017ei\u010dov\u0148a\" \/>\n<meta property=\"article:publisher\" content=\"https:\/\/www.facebook.com\/autoprenajom\/\" \/>\n<meta property=\"article:modified_time\" content=\"2019-07-30T07:35:18+00:00\" \/>\n<meta name=\"twitter:card\" content=\"summary_large_image\" \/>\n<script type=\"application\/ld+json\" class=\"yoast-schema-graph\">{\"@context\":\"https:\/\/schema.org\",\"@graph\":[{\"@type\":\"WebPage\",\"@id\":\"https:\/\/mtrental.eu\/sk\/\",\"url\":\"https:\/\/mtrental.eu\/sk\/\",\"name\":\"MTrental.eu | autopo\u017ei\u010dov\u0148a luxusn\u00fdch \u00e1ut\",\"isPartOf\":{\"@id\":\"https:\/\/mtrental.eu\/sk\/#website\"},\"datePublished\":\"2018-07-17T13:24:10+00:00\",\"dateModified\":\"2019-07-30T07:35:18+00:00\",\"description\":\"MTrental.eu je pr\u00e9miov\u00e1 autopo\u017ei\u010dov\u0148a s\u00eddliaca v Bratislave a vo Viedni. Prezrite si na\u0161u bohat\u00fa ponuku Mercedesov, Audi \u010di Lamborghini a rezervujte si jazdu online.\",\"breadcrumb\":{\"@id\":\"https:\/\/mtrental.eu\/sk\/#breadcrumb\"},\"inLanguage\":\"sk-SK\",\"potentialAction\":[{\"@type\":\"ReadAction\",\"target\":[\"https:\/\/mtrental.eu\/sk\/\"]}]},{\"@type\":\"BreadcrumbList\",\"@id\":\"https:\/\/mtrental.eu\/sk\/#breadcrumb\",\"itemListElement\":[{\"@type\":\"ListItem\",\"position\":1,\"name\":\"Home\",\"item\":\"https:\/\/mtrental.eu\/sk\/home\/\"},{\"@type\":\"ListItem\",\"position\":2,\"name\":\"Domov\"}]},{\"@type\":\"WebSite\",\"@id\":\"https:\/\/mtrental.eu\/sk\/#website\",\"url\":\"https:\/\/mtrental.eu\/sk\/\",\"name\":\"MTrental.eu | Pr\u00e9miov\u00e1 autopo\u017ei\u010dov\u0148a\",\"description\":\"MTrental.eu - Premium car rental\",\"publisher\":{\"@id\":\"https:\/\/mtrental.eu\/sk\/#organization\"},\"potentialAction\":[{\"@type\":\"SearchAction\",\"target\":{\"@type\":\"EntryPoint\",\"urlTemplate\":\"https:\/\/mtrental.eu\/sk\/?s={search_term_string}\"},\"query-input\":\"required name=search_term_string\"}],\"inLanguage\":\"sk-SK\"},{\"@type\":\"Organization\",\"@id\":\"https:\/\/mtrental.eu\/sk\/#organization\",\"name\":\"MTrental.eu | Pr\u00e9miov\u00e1 autopo\u017ei\u010dov\u0148a\",\"url\":\"https:\/\/mtrental.eu\/sk\/\",\"logo\":{\"@type\":\"ImageObject\",\"inLanguage\":\"sk-SK\",\"@id\":\"https:\/\/mtrental.eu\/sk\/#\/schema\/logo\/image\/\",\"url\":\"https:\/\/mtrental.eu\/wp-content\/uploads\/2019\/04\/cropped-IMG_0070.jpg\",\"contentUrl\":\"https:\/\/mtrental.eu\/wp-content\/uploads\/2019\/04\/cropped-IMG_0070.jpg\",\"width\":477,\"height\":250,\"caption\":\"MTrental.eu | Pr\u00e9miov\u00e1 autopo\u017ei\u010dov\u0148a \"},\"image\":{\"@id\":\"https:\/\/mtrental.eu\/sk\/#\/schema\/logo\/image\/\"},\"sameAs\":[\"https:\/\/www.facebook.com\/autoprenajom\/\"]}]}<\/script>\n<!-- \/ Yoast SEO plugin. -->","yoast_head_json":{"title":"MTrental.eu | autopo\u017ei\u010dov\u0148a luxusn\u00fdch \u00e1ut","description":"MTrental.eu je pr\u00e9miov\u00e1 autopo\u017ei\u010dov\u0148a s\u00eddliaca v Bratislave a vo Viedni. Prezrite si na\u0161u bohat\u00fa ponuku Mercedesov, Audi \u010di Lamborghini a rezervujte si jazdu online.","robots":{"index":"index","follow":"follow","max-snippet":"max-snippet:-1","max-image-preview":"max-image-preview:large","max-video-preview":"max-video-preview:-1"},"canonical":"https:\/\/mtrental.eu\/sk\/","og_locale":"sk_SK","og_type":"article","og_title":"MTrental.eu | autopo\u017ei\u010dov\u0148a luxusn\u00fdch \u00e1ut","og_description":"MTrental.eu je pr\u00e9miov\u00e1 autopo\u017ei\u010dov\u0148a s\u00eddliaca v Bratislave a vo Viedni. Prezrite si na\u0161u bohat\u00fa ponuku Mercedesov, Audi \u010di Lamborghini a rezervujte si jazdu online.","og_url":"https:\/\/mtrental.eu\/sk\/","og_site_name":"MTrental.eu | Pr\u00e9miov\u00e1 autopo\u017ei\u010dov\u0148a","article_publisher":"https:\/\/www.facebook.com\/autoprenajom\/","article_modified_time":"2019-07-30T07:35:18+00:00","twitter_card":"summary_large_image","schema":{"@context":"https:\/\/schema.org","@graph":[{"@type":"WebPage","@id":"https:\/\/mtrental.eu\/sk\/","url":"https:\/\/mtrental.eu\/sk\/","name":"MTrental.eu | autopo\u017ei\u010dov\u0148a luxusn\u00fdch \u00e1ut","isPartOf":{"@id":"https:\/\/mtrental.eu\/sk\/#website"},"datePublished":"2018-07-17T13:24:10+00:00","dateModified":"2019-07-30T07:35:18+00:00","description":"MTrental.eu je pr\u00e9miov\u00e1 autopo\u017ei\u010dov\u0148a s\u00eddliaca v Bratislave a vo Viedni. Prezrite si na\u0161u bohat\u00fa ponuku Mercedesov, Audi \u010di Lamborghini a rezervujte si jazdu online.","breadcrumb":{"@id":"https:\/\/mtrental.eu\/sk\/#breadcrumb"},"inLanguage":"sk-SK","potentialAction":[{"@type":"ReadAction","target":["https:\/\/mtrental.eu\/sk\/"]}]},{"@type":"BreadcrumbList","@id":"https:\/\/mtrental.eu\/sk\/#breadcrumb","itemListElement":[{"@type":"ListItem","position":1,"name":"Home","item":"https:\/\/mtrental.eu\/sk\/home\/"},{"@type":"ListItem","position":2,"name":"Domov"}]},{"@type":"WebSite","@id":"https:\/\/mtrental.eu\/sk\/#website","url":"https:\/\/mtrental.eu\/sk\/","name":"MTrental.eu | Pr\u00e9miov\u00e1 autopo\u017ei\u010dov\u0148a","description":"MTrental.eu - Premium car rental","publisher":{"@id":"https:\/\/mtrental.eu\/sk\/#organization"},"potentialAction":[{"@type":"SearchAction","target":{"@type":"EntryPoint","urlTemplate":"https:\/\/mtrental.eu\/sk\/?s={search_term_string}"},"query-input":"required name=search_term_string"}],"inLanguage":"sk-SK"},{"@type":"Organization","@id":"https:\/\/mtrental.eu\/sk\/#organization","name":"MTrental.eu | Pr\u00e9miov\u00e1 autopo\u017ei\u010dov\u0148a","url":"https:\/\/mtrental.eu\/sk\/","logo":{"@type":"ImageObject","inLanguage":"sk-SK","@id":"https:\/\/mtrental.eu\/sk\/#\/schema\/logo\/image\/","url":"https:\/\/mtrental.eu\/wp-content\/uploads\/2019\/04\/cropped-IMG_0070.jpg","contentUrl":"https:\/\/mtrental.eu\/wp-content\/uploads\/2019\/04\/cropped-IMG_0070.jpg","width":477,"height":250,"caption":"MTrental.eu | Pr\u00e9miov\u00e1 autopo\u017ei\u010dov\u0148a "},"image":{"@id":"https:\/\/mtrental.eu\/sk\/#\/schema\/logo\/image\/"},"sameAs":["https:\/\/www.facebook.com\/autoprenajom\/"]}]}},"_links":{"self":[{"href":"https:\/\/mtrental.eu\/sk\/wp-json\/wp\/v2\/pages\/316"}],"collection":[{"href":"https:\/\/mtrental.eu\/sk\/wp-json\/wp\/v2\/pages"}],"about":[{"href":"https:\/\/mtrental.eu\/sk\/wp-json\/wp\/v2\/types\/page"}],"author":[{"embeddable":true,"href":"https:\/\/mtrental.eu\/sk\/wp-json\/wp\/v2\/users\/1"}],"replies":[{"embeddable":true,"href":"https:\/\/mtrental.eu\/sk\/wp-json\/wp\/v2\/comments?post=316"}],"version-history":[{"count":1,"href":"https:\/\/mtrental.eu\/sk\/wp-json\/wp\/v2\/pages\/316\/revisions"}],"predecessor-version":[{"id":681,"href":"https:\/\/mtrental.eu\/sk\/wp-json\/wp\/v2\/pages\/316\/revisions\/681"}],"wp:attachment":[{"href":"https:\/\/mtrental.eu\/sk\/wp-json\/wp\/v2\/media?parent=316"}],"curies":[{"name":"wp","href":"https:\/\/api.w.org\/{rel}","templated":true}]}}